{"id":6,"date":"2019-03-08T12:16:54","date_gmt":"2019-03-08T11:16:54","guid":{"rendered":"https:\/\/france-cadastre.fr\/site\/?page_id=6"},"modified":"2024-12-03T08:42:55","modified_gmt":"2024-12-03T07:42:55","slug":"mentions-legales","status":"publish","type":"page","link":"https:\/\/france-cadastre.fr\/site\/mentions-legales\/","title":{"rendered":"Mentions l\u00e9gales"},"content":{"rendered":"\n<p>France-cadastre.fr est \u00e9dit\u00e9 par la soci\u00e9t\u00e9 CARPENTIER, dont le si\u00e8ge est Moulin de la Hautonni\u00e8re, 53190 Fougerolles-du-Plessis, SIRET 519 439 319 00053.<br>Email :&nbsp;<a href=\"mailto:france.cadastre@gmail.com\">france.cadastre@gmail.com <\/a><br>Tel : 06 13 71 04 86<\/p>\n\n\n\n<p>Repr\u00e9sentant l\u00e9gal et Directeur de la Publication : Valentin Carpentier.<br><\/p>\n\n\n\n<p>Le site web est h\u00e9berg\u00e9 par la soci\u00e9t\u00e9 OVH dont le si\u00e8ge est au  <br>2 rue Kellermann &#8211; 59100 Roubaix &#8211; France.<\/p>\n\n\n\n<p>Toute utilisation du site Internet vaut acceptation inconditionnelle de la part de tout internaute et des clients des mentions contenues dans le pr\u00e9sent avertissement.<\/p>\n\n\n\n<p>INFORMATIONS DISPONIBLES SUR LE SITE<\/p>\n\n\n\n<p>France Cadastre s&rsquo;efforce d&rsquo;assurer l&rsquo;exactitude et la mise \u00e0 jour des informations diffus\u00e9es sur ce site, dont elle se r\u00e9serve le droit de corriger, \u00e0 tout moment et sans pr\u00e9avis, le contenu. Elle ne peut cependant en garantir l&rsquo;exhaustivit\u00e9 ou l&rsquo;absence de modification par un tiers (intrusion, virus). En outre, elle d\u00e9cline toute responsabilit\u00e9 en cas d&rsquo;erreur, d&rsquo;inexactitude ou d&rsquo;omission dans ces informations.<\/p>\n\n\n\n<p>France Cadastre d\u00e9cline toute responsabilit\u00e9 dans l&rsquo;utilisation qui pourrait \u00eatre faite de ces informations et des cons\u00e9quences qui pourraient en d\u00e9couler.<\/p>\n\n\n\n<p>Toute exploitation non autoris\u00e9e des informations et donn\u00e9es engage la responsabilit\u00e9 de l&rsquo;utilisateur et peut entra\u00eener des poursuites judiciaires fond\u00e9es notamment sur une action en contrefa\u00e7on.<\/p>\n\n\n\n<p>RESPECT DES DROITS DE PROPRI\u00c9T\u00c9 INT\u00c9LLECTUELLE<\/p>\n\n\n\n<p>Les informations de France Cadastre  et de tout fournisseur ext\u00e9rieur de flux sp\u00e9cifiquement mentionn\u00e9s sur le site sont la propri\u00e9t\u00e9 de France Cadastre et de ces fournisseurs et sont prot\u00e9g\u00e9s par le copyright et les lois sur la propri\u00e9t\u00e9 intellectuelle.<\/p>\n\n\n\n<p>L&rsquo;autorisation de t\u00e9l\u00e9charger, copier, sauvegarder et \u00e9diter les pages Web, leur contenu ou les r\u00e9sultats g\u00e9n\u00e9r\u00e9s ou visualis\u00e9s par les outils d&rsquo;affichage, partiellement ou enti\u00e8rement, est accord\u00e9e uniquement pour un usage personnel et non commercial. Les mentions du copyright ou les noms de la marque ne doivent pas \u00eatre omis ou modifi\u00e9s.<\/p>\n\n\n\n<p>LIENS<\/p>\n\n\n\n<p>Les liens hypertextes mis en place sur le site en direction d&rsquo;autres sites ne sauraient engager la responsabilit\u00e9 de France Cadastre, notamment s&rsquo;agissant du contenu de ces sites.<br>France Cadastre  n&rsquo;est pas responsable des liens hypertextes pointant vers le pr\u00e9sent site et interdit \u00e0 toute personne de mettre en place un tel lien sans son autorisation expresse et pr\u00e9alable.<\/p>\n\n\n\n<p>COPYRIGHT<\/p>\n\n\n\n<p>France Cadastre est titulaire et\/ou dispose de l&rsquo;autorisation d&rsquo;utiliser l&rsquo;ensemble des droits portant sur les logos, marques, signes distinctif ainsi que les bases de donn\u00e9es et logiciels utilis\u00e9s dans le cadre de l&rsquo;exploitation du site France Cadastre. Toute repr\u00e9sentation ou reproduction totale ou partielle des logos, marques, signes distinctifs ainsi que les bases de donn\u00e9es utilis\u00e9es sur le site france-cadastre.fr par quelque proc\u00e9d\u00e9 que ce soit sans l&rsquo;autorisation expresse de France Cadastre est interdite et constituerait une contrefa\u00e7on sanctionn\u00e9e par les articles L. 335-2 et suivants du Code de la Propri\u00e9t\u00e9 Intellectuelle.<\/p>\n\n\n\n<p>LOI APPLICABLE ET ATTRIBUTION DE COMP\u00c9TENCE<\/p>\n\n\n\n<p>L&rsquo;utilisation du site Internet France Cadastre est r\u00e9gie par la loi fran\u00e7aise. <br><br>Date de mise \u00e0 jour d\u00e9cembre 2024<\/p>\n","protected":false},"excerpt":{"rendered":"<p>France-cadastre.fr est \u00e9dit\u00e9 par la soci\u00e9t\u00e9 CARPENTIER, dont le si\u00e8ge est Moulin de la Hautonni\u00e8re, 53190 Fougerolles-du-Plessis, SIRET 519 439 319 00053.Email :&nbsp;france.cadastre@gmail.com Tel : 06 13 71 04 86 Repr\u00e9sentant l\u00e9gal et Directeur de la Publication : Valentin Carpentier.&hellip;<\/p>\n","protected":false},"author":1,"featured_media":0,"parent":0,"menu_order":0,"comment_status":"closed","ping_status":"closed","template":"","meta":{"footnotes":""},"class_list":["post-6","page","type-page","status-publish","hentry","entry","no-media"],"yoast_head":"<!-- This site is optimized with the Yoast SEO plugin v24.9 - https:\/\/yoast.com\/wordpress\/plugins\/seo\/ -->\n<title>Mentions l\u00e9gales - France Cadastre<\/title>\n<meta name=\"robots\" content=\"index, follow, max-snippet:-1, max-image-preview:large, max-video-preview:-1\" \/>\n<link rel=\"canonical\" href=\"https:\/\/france-cadastre.fr\/site\/mentions-legales\/\" \/>\n<meta property=\"og:locale\" content=\"fr_FR\" \/>\n<meta property=\"og:type\" content=\"article\" \/>\n<meta property=\"og:title\" content=\"Mentions l\u00e9gales - France Cadastre\" \/>\n<meta property=\"og:description\" content=\"France-cadastre.fr est \u00e9dit\u00e9 par la soci\u00e9t\u00e9 CARPENTIER, dont le si\u00e8ge est Moulin de la Hautonni\u00e8re, 53190 Fougerolles-du-Plessis, SIRET 519 439 319 00053.Email :&nbsp;france.cadastre@gmail.com Tel : 06 13 71 04 86 Repr\u00e9sentant l\u00e9gal et Directeur de la Publication : Valentin Carpentier.&hellip;\" \/>\n<meta property=\"og:url\" content=\"https:\/\/france-cadastre.fr\/site\/mentions-legales\/\" \/>\n<meta property=\"og:site_name\" content=\"France Cadastre\" \/>\n<meta property=\"article:modified_time\" content=\"2024-12-03T07:42:55+00:00\" \/>\n<meta name=\"twitter:card\" content=\"summary_large_image\" \/>\n<meta name=\"twitter:label1\" content=\"Dur\u00e9e de lecture estim\u00e9e\" \/>\n\t<meta name=\"twitter:data1\" content=\"3 minutes\" \/>\n<script type=\"application\/ld+json\" class=\"yoast-schema-graph\">{\"@context\":\"https:\/\/schema.org\",\"@graph\":[{\"@type\":\"WebPage\",\"@id\":\"https:\/\/france-cadastre.fr\/site\/mentions-legales\/\",\"url\":\"https:\/\/france-cadastre.fr\/site\/mentions-legales\/\",\"name\":\"Mentions l\u00e9gales - France Cadastre\",\"isPartOf\":{\"@id\":\"https:\/\/france-cadastre.fr\/site\/#website\"},\"datePublished\":\"2019-03-08T11:16:54+00:00\",\"dateModified\":\"2024-12-03T07:42:55+00:00\",\"breadcrumb\":{\"@id\":\"https:\/\/france-cadastre.fr\/site\/mentions-legales\/#breadcrumb\"},\"inLanguage\":\"fr-FR\",\"potentialAction\":[{\"@type\":\"ReadAction\",\"target\":[\"https:\/\/france-cadastre.fr\/site\/mentions-legales\/\"]}]},{\"@type\":\"BreadcrumbList\",\"@id\":\"https:\/\/france-cadastre.fr\/site\/mentions-legales\/#breadcrumb\",\"itemListElement\":[{\"@type\":\"ListItem\",\"position\":1,\"name\":\"Accueil\",\"item\":\"https:\/\/france-cadastre.fr\/site\/\"},{\"@type\":\"ListItem\",\"position\":2,\"name\":\"Mentions l\u00e9gales\"}]},{\"@type\":\"WebSite\",\"@id\":\"https:\/\/france-cadastre.fr\/site\/#website\",\"url\":\"https:\/\/france-cadastre.fr\/site\/\",\"name\":\"France Cadastre\",\"description\":\"Le cadastre fran\u00e7ais accessible \u00e0 tous !\",\"potentialAction\":[{\"@type\":\"SearchAction\",\"target\":{\"@type\":\"EntryPoint\",\"urlTemplate\":\"https:\/\/france-cadastre.fr\/site\/?s={search_term_string}\"},\"query-input\":{\"@type\":\"PropertyValueSpecification\",\"valueRequired\":true,\"valueName\":\"search_term_string\"}}],\"inLanguage\":\"fr-FR\"}]}<\/script>\n<!-- \/ Yoast SEO plugin. -->","yoast_head_json":{"title":"Mentions l\u00e9gales - France Cadastre","robots":{"index":"index","follow":"follow","max-snippet":"max-snippet:-1","max-image-preview":"max-image-preview:large","max-video-preview":"max-video-preview:-1"},"canonical":"https:\/\/france-cadastre.fr\/site\/mentions-legales\/","og_locale":"fr_FR","og_type":"article","og_title":"Mentions l\u00e9gales - France Cadastre","og_description":"France-cadastre.fr est \u00e9dit\u00e9 par la soci\u00e9t\u00e9 CARPENTIER, dont le si\u00e8ge est Moulin de la Hautonni\u00e8re, 53190 Fougerolles-du-Plessis, SIRET 519 439 319 00053.Email :&nbsp;france.cadastre@gmail.com Tel : 06 13 71 04 86 Repr\u00e9sentant l\u00e9gal et Directeur de la Publication : Valentin Carpentier.&hellip;","og_url":"https:\/\/france-cadastre.fr\/site\/mentions-legales\/","og_site_name":"France Cadastre","article_modified_time":"2024-12-03T07:42:55+00:00","twitter_card":"summary_large_image","twitter_misc":{"Dur\u00e9e de lecture estim\u00e9e":"3 minutes"},"schema":{"@context":"https:\/\/schema.org","@graph":[{"@type":"WebPage","@id":"https:\/\/france-cadastre.fr\/site\/mentions-legales\/","url":"https:\/\/france-cadastre.fr\/site\/mentions-legales\/","name":"Mentions l\u00e9gales - France Cadastre","isPartOf":{"@id":"https:\/\/france-cadastre.fr\/site\/#website"},"datePublished":"2019-03-08T11:16:54+00:00","dateModified":"2024-12-03T07:42:55+00:00","breadcrumb":{"@id":"https:\/\/france-cadastre.fr\/site\/mentions-legales\/#breadcrumb"},"inLanguage":"fr-FR","potentialAction":[{"@type":"ReadAction","target":["https:\/\/france-cadastre.fr\/site\/mentions-legales\/"]}]},{"@type":"BreadcrumbList","@id":"https:\/\/france-cadastre.fr\/site\/mentions-legales\/#breadcrumb","itemListElement":[{"@type":"ListItem","position":1,"name":"Accueil","item":"https:\/\/france-cadastre.fr\/site\/"},{"@type":"ListItem","position":2,"name":"Mentions l\u00e9gales"}]},{"@type":"WebSite","@id":"https:\/\/france-cadastre.fr\/site\/#website","url":"https:\/\/france-cadastre.fr\/site\/","name":"France Cadastre","description":"Le cadastre fran\u00e7ais accessible \u00e0 tous !","potentialAction":[{"@type":"SearchAction","target":{"@type":"EntryPoint","urlTemplate":"https:\/\/france-cadastre.fr\/site\/?s={search_term_string}"},"query-input":{"@type":"PropertyValueSpecification","valueRequired":true,"valueName":"search_term_string"}}],"inLanguage":"fr-FR"}]}},"_links":{"self":[{"href":"https:\/\/france-cadastre.fr\/site\/wp-json\/wp\/v2\/pages\/6","targetHints":{"allow":["GET"]}}],"collection":[{"href":"https:\/\/france-cadastre.fr\/site\/wp-json\/wp\/v2\/pages"}],"about":[{"href":"https:\/\/france-cadastre.fr\/site\/wp-json\/wp\/v2\/types\/page"}],"author":[{"embeddable":true,"href":"https:\/\/france-cadastre.fr\/site\/wp-json\/wp\/v2\/users\/1"}],"replies":[{"embeddable":true,"href":"https:\/\/france-cadastre.fr\/site\/wp-json\/wp\/v2\/comments?post=6"}],"version-history":[{"count":4,"href":"https:\/\/france-cadastre.fr\/site\/wp-json\/wp\/v2\/pages\/6\/revisions"}],"predecessor-version":[{"id":412,"href":"https:\/\/france-cadastre.fr\/site\/wp-json\/wp\/v2\/pages\/6\/revisions\/412"}],"wp:attachment":[{"href":"https:\/\/france-cadastre.fr\/site\/wp-json\/wp\/v2\/media?parent=6"}],"curies":[{"name":"wp","href":"https:\/\/api.w.org\/{rel}","templated":true}]}}